{"id":2101,"date":"2025-03-27T14:00:25","date_gmt":"2025-03-27T14:00:25","guid":{"rendered":"https:\/\/cargoversum.com\/?page_id=2101"},"modified":"2025-05-29T15:13:47","modified_gmt":"2025-05-29T13:13:47","slug":"o-nas","status":"publish","type":"page","link":"https:\/\/cargoversum.com\/en\/o-nas\/","title":{"rendered":"About Us"},"content":{"rendered":"<div data-elementor-type=\"wp-page\" data-elementor-id=\"2101\" class=\"elementor elementor-2101\">\n\t\t\t\t<div class=\"elementor-element elementor-element-f665e9d e-flex e-con-boxed e-con e-parent\" data-id=\"f665e9d\" data-element_type=\"container\" data-e-type=\"container\" data-settings=\"{&quot;background_background&quot;:&quot;classic&quot;}\">\n\t\t\t\t\t<div class=\"e-con-inner\">\n\t\t\t\t<div class=\"elementor-element elementor-element-c58b318 animated-slow elementor-widget__width-inherit elementor-invisible elementor-widget elementor-widget-sectiontitle\" data-id=\"c58b318\" data-element_type=\"widget\" data-e-type=\"widget\" data-settings=\"{&quot;_animation&quot;:&quot;fadeInUp&quot;}\" data-widget_type=\"sectiontitle.default\">\n\t\t\t\t<div class=\"elementor-widget-container\">\n\t\t\t\t\t\r\n\t\t\r\n\t\t\t<div class=\"section-title style1 center\">\r\n\t\t\t\t\t\t\t\t\t<h4 class=\"subtitle\">About Us<\/h4>\r\n\t\t\t\t\r\n\t\t\t\t\r\n\t\t\t\t\t\t\t<\/div>\r\n\r\n\t\t\r\n\t\t\t\t\t\t<\/div>\n\t\t\t\t<\/div>\n\t\t\t\t<div class=\"elementor-element elementor-element-49f2db4 elementor-widget__width-inherit elementor-widget-tablet__width-inherit elementor-widget elementor-widget-text-editor\" data-id=\"49f2db4\" data-element_type=\"widget\" data-e-type=\"widget\" data-widget_type=\"text-editor.default\">\n\t\t\t\t<div class=\"elementor-widget-container\">\n\t\t\t\t\t\t\t\t\t<h1>In a world of chaos and numerous threats...<\/h1>\t\t\t\t\t\t\t\t<\/div>\n\t\t\t\t<\/div>\n\t\t\t\t<div class=\"elementor-element elementor-element-7fc8bc7 elementor-widget elementor-widget-text-editor\" data-id=\"7fc8bc7\" data-element_type=\"widget\" data-e-type=\"widget\" data-widget_type=\"text-editor.default\">\n\t\t\t\t<div class=\"elementor-widget-container translation-block\">In a world of chaos and numerous threats, amidst complex regulations and legal loopholes,<span style=\"color: #0095d2\"><strong> a revolutionary idea was born \u2013 to make logistics simpler, faster, and more efficient.<\/strong><\/span> A few fearless pioneers dared to dream of a new, better world of logistics \u2013 one where quality, partnership, flexibility, and safety truly matter. Armed with experience, an honest approach to business, and unconventional thinking, they created a perfect universe where the concept of 'impossible' doesn\u2019t exist, the rules are transparent, and carriers and clients work towards the same goal \u2013 success!<\/div>\n\t\t\t\t<\/div>\n\t\t\t\t<div class=\"elementor-element elementor-element-a83d1cc elementor-widget__width-inherit elementor-widget elementor-widget-text-editor\" data-id=\"a83d1cc\" data-element_type=\"widget\" data-e-type=\"widget\" data-widget_type=\"text-editor.default\">\n\t\t\t\t<div class=\"elementor-widget-container\">\n\t\t\t\t\t\t\t\t\t<h2><strong>This is how Cargoversum was born \u2013 logistics from another world!<\/strong><\/h2>\t\t\t\t\t\t\t\t<\/div>\n\t\t\t\t<\/div>\n\t\t\t\t<div class=\"elementor-element elementor-element-6c117e2 elementor-widget elementor-widget-text-editor\" data-id=\"6c117e2\" data-element_type=\"widget\" data-e-type=\"widget\" data-widget_type=\"text-editor.default\">\n\t\t\t\t<div class=\"elementor-widget-container\">\n\t\t\t\t\t\t\t\t\t<p>We specialize in road transport across the European Union, offering reliable and timely logistical solutions tailored to our clients' needs. Our experience and modern approach to planning and executing shipments allow us to effectively manage cargo, regardless of its nature or destination. In addition to transport services, we also offer consultancy in logistics, process optimization, and supply chain management.<\/p>\t\t\t\t\t\t\t\t<\/div>\n\t\t\t\t<\/div>\n\t\t\t\t<div class=\"elementor-element elementor-element-2761fff elementor-widget elementor-widget-image\" data-id=\"2761fff\" data-element_type=\"widget\" data-e-type=\"widget\" data-widget_type=\"image.default\">\n\t\t\t\t<div class=\"elementor-widget-container\">\n\t\t\t\t\t\t\t\t\t\t\t\t\t\t\t<img fetchpriority=\"high\" decoding=\"async\" width=\"2000\" height=\"1125\" src=\"https:\/\/cargoversum.com\/wp-content\/uploads\/2025\/05\/ciezarowka-ramka-1.png\" class=\"attachment-full size-full wp-image-2886\" alt=\"\" srcset=\"https:\/\/cargoversum.com\/wp-content\/uploads\/2025\/05\/ciezarowka-ramka-1.png 2000w, https:\/\/cargoversum.com\/wp-content\/uploads\/2025\/05\/ciezarowka-ramka-1-300x169.png 300w, https:\/\/cargoversum.com\/wp-content\/uploads\/2025\/05\/ciezarowka-ramka-1-1024x576.png 1024w, https:\/\/cargoversum.com\/wp-content\/uploads\/2025\/05\/ciezarowka-ramka-1-768x432.png 768w, https:\/\/cargoversum.com\/wp-content\/uploads\/2025\/05\/ciezarowka-ramka-1-1536x864.png 1536w, https:\/\/cargoversum.com\/wp-content\/uploads\/2025\/05\/ciezarowka-ramka-1-18x10.png 18w\" sizes=\"(max-width: 2000px) 100vw, 2000px\" \/>\t\t\t\t\t\t\t\t\t\t\t\t\t\t\t<\/div>\n\t\t\t\t<\/div>\n\t\t\t\t<div class=\"elementor-element elementor-element-acc13ac elementor-widget__width-initial elementor-widget-tablet__width-initial elementor-widget elementor-widget-text-editor\" data-id=\"acc13ac\" data-element_type=\"widget\" data-e-type=\"widget\" data-widget_type=\"text-editor.default\">\n\t\t\t\t<div class=\"elementor-widget-container\">\n\t\t\t\t\t\t\t\t\t<p>At Cargoversum, we support manufacturing and trading companies from the European Union that plan to enter the Polish market and start exporting goods to Poland. Thanks to our knowledge of local realities, experience in servicing foreign partners, and an extensive network of contacts, we help efficiently organize the entire logistical process \u2013 from transport planning and warehousing to logistical services. We also offer advisory and operational support to facilitate the safe and effective entry into the Polish market, minimizing risks and shortening the time required to achieve early success.<\/p>\t\t\t\t\t\t\t\t<\/div>\n\t\t\t\t<\/div>\n\t\t\t\t<div class=\"elementor-element elementor-element-328dab7 elementor-widget__width-initial elementor-widget-tablet__width-initial elementor-widget elementor-widget-text-editor\" data-id=\"328dab7\" data-element_type=\"widget\" data-e-type=\"widget\" data-widget_type=\"text-editor.default\">\n\t\t\t\t<div class=\"elementor-widget-container\">\n\t\t\t\t\t\t\t\t\t<p>Cargoversum is not only an innovative approach to logistics \u2013 it\u2019s also part of the AIM group, which sets industry development trends in the TSL sector. This allows us to draw on a wealth of knowledge, technology, and resources that strengthen our position in the market. From the very beginning, we have operated in compliance with international food safety standards, confirming our commitment to the highest quality, safety, and transparency standards across the entire supply chain.<\/p>\t\t\t\t\t\t\t\t<\/div>\n\t\t\t\t<\/div>\n\t\t\t\t<div class=\"elementor-element elementor-element-ef40ba8 elementor-widget__width-initial elementor-widget-tablet__width-initial elementor-widget elementor-widget-image\" data-id=\"ef40ba8\" data-element_type=\"widget\" data-e-type=\"widget\" data-widget_type=\"image.default\">\n\t\t\t\t<div class=\"elementor-widget-container\">\n\t\t\t\t\t\t\t\t\t\t\t\t\t\t\t\t<a href=\"https:\/\/aim-group.pl\/\">\n\t\t\t\t\t\t\t<img decoding=\"async\" width=\"640\" height=\"640\" src=\"https:\/\/cargoversum.com\/wp-content\/uploads\/2025\/04\/AIM-group-2-1024x1024.png\" class=\"attachment-large size-large wp-image-2557\" alt=\"\" srcset=\"https:\/\/cargoversum.com\/wp-content\/uploads\/2025\/04\/AIM-group-2-1024x1024.png 1024w, https:\/\/cargoversum.com\/wp-content\/uploads\/2025\/04\/AIM-group-2-300x300.png 300w, https:\/\/cargoversum.com\/wp-content\/uploads\/2025\/04\/AIM-group-2-150x150.png 150w, https:\/\/cargoversum.com\/wp-content\/uploads\/2025\/04\/AIM-group-2-768x768.png 768w, https:\/\/cargoversum.com\/wp-content\/uploads\/2025\/04\/AIM-group-2-1536x1536.png 1536w, https:\/\/cargoversum.com\/wp-content\/uploads\/2025\/04\/AIM-group-2-2048x2048.png 2048w, https:\/\/cargoversum.com\/wp-content\/uploads\/2025\/04\/AIM-group-2-12x12.png 12w\" sizes=\"(max-width: 640px) 100vw, 640px\" \/>\t\t\t\t\t\t\t\t<\/a>\n\t\t\t\t\t\t\t\t\t\t\t\t\t\t\t<\/div>\n\t\t\t\t<\/div>\n\t\t\t\t<div class=\"elementor-element elementor-element-0c926d3 elementor-widget__width-inherit elementor-widget elementor-widget-text-editor\" data-id=\"0c926d3\" data-element_type=\"widget\" data-e-type=\"widget\" data-widget_type=\"text-editor.default\">\n\t\t\t\t<div class=\"elementor-widget-container\">\n\t\t\t\t\t\t\t\t\t<h3><strong>We are close to our partners<\/strong><\/h3>\t\t\t\t\t\t\t\t<\/div>\n\t\t\t\t<\/div>\n\t\t\t\t<div class=\"elementor-element elementor-element-1ac3497 elementor-widget__width-inherit elementor-widget elementor-widget-text-editor\" data-id=\"1ac3497\" data-element_type=\"widget\" data-e-type=\"widget\" data-widget_type=\"text-editor.default\">\n\t\t\t\t<div class=\"elementor-widget-container\">\n\t\t\t\t\t\t\t\t\t<p>At Cargoversum, we believe that business success is built on trust and close cooperation. We focus on long-term partnerships with our clients, adapting to their individual needs and supporting them at every stage of the logistical process. We are always available, ready to advise, and react quickly because we understand the importance of reliable communication and a sense of security in daily operations.<\/p><p>Proximity and commitment are values that strengthen our competitive advantage and positively impact the comfort of our cooperation.<\/p>\t\t\t\t\t\t\t\t<\/div>\n\t\t\t\t<\/div>\n\t\t<div class=\"elementor-element elementor-element-3d151aa e-con-full e-flex e-con e-child\" data-id=\"3d151aa\" data-element_type=\"container\" data-e-type=\"container\" data-settings=\"{&quot;background_background&quot;:&quot;classic&quot;}\">\n\t\t<div class=\"elementor-element elementor-element-bca0f61 animated-slow e-con-full e-flex elementor-invisible e-con e-child\" data-id=\"bca0f61\" data-element_type=\"container\" data-e-type=\"container\" data-settings=\"{&quot;background_background&quot;:&quot;classic&quot;,&quot;animation&quot;:&quot;fadeInUp&quot;}\">\n\t\t<div class=\"elementor-element elementor-element-a979365 e-con-full e-flex e-con e-child\" data-id=\"a979365\" data-element_type=\"container\" data-e-type=\"container\">\n\t\t\t\t<div class=\"elementor-element elementor-element-4a5156b elementor-widget elementor-widget-pixein-heading\" data-id=\"4a5156b\" data-element_type=\"widget\" data-e-type=\"widget\" data-widget_type=\"pixein-heading.default\">\n\t\t\t\t<div class=\"elementor-widget-container\">\n\t\t\t\t\t\r\n\t\t\t<div class=\"heading\">\r\n\t\t\t\t<h2 class=\"heading-text\">Contact us today and see how we can help your business!<\/h2>\r\n\t\t\t<\/div>\r\n\r\n\t\t\t\t\t\t<\/div>\n\t\t\t\t<\/div>\n\t\t\t\t<div class=\"elementor-element elementor-element-2815679 elementor-widget__width-initial elementor-widget elementor-widget-pixein-heading\" data-id=\"2815679\" data-element_type=\"widget\" data-e-type=\"widget\" data-widget_type=\"pixein-heading.default\">\n\t\t\t\t<div class=\"elementor-widget-container\">\n\t\t\t\t\t\r\n\t\t\t<div class=\"heading\">\r\n\t\t\t\t<p class=\"heading-text\">If you're looking for a reliable partner in transport and logistics, Cargoversum is the perfect choice.\nYour ambition \u2013 our mission! Ready to get started?<\/p>\r\n\t\t\t<\/div>\r\n\r\n\t\t\t\t\t\t<\/div>\n\t\t\t\t<\/div>\n\t\t\t\t<div class=\"elementor-element elementor-element-54ce866 elementor-widget elementor-widget-pixeinbutton\" data-id=\"54ce866\" data-element_type=\"widget\" data-e-type=\"widget\" data-widget_type=\"pixeinbutton.default\">\n\t\t\t\t<div class=\"elementor-widget-container\">\n\t\t\t\t\t\r\n\t\t\t\r\n\r\n\t\t\t<div class=\"single-button style2\">\r\n\t\t\t\t<a class=\"button\" href=\"https:\/\/cargoversum.com\/en\/contact\/\">\r\n\t\t\t\t\tContact\t\t\t\t\t<i aria-hidden=\"true\" class=\"fas fa-arrow-right\"><\/i>\t\t\t\t<\/a>\r\n\t\t\t<\/div>\r\n\r\n\t\t\r\n\t\t\t\t\t<\/div>\n\t\t\t\t<\/div>\n\t\t\t\t<\/div>\n\t\t<div class=\"elementor-element elementor-element-e4a99f3 e-con-full e-flex e-con e-child\" data-id=\"e4a99f3\" data-element_type=\"container\" data-e-type=\"container\">\n\t\t\t\t<div class=\"elementor-element elementor-element-03d072e elementor-widget elementor-widget-image\" data-id=\"03d072e\" data-element_type=\"widget\" data-e-type=\"widget\" data-widget_type=\"image.default\">\n\t\t\t\t<div class=\"elementor-widget-container\">\n\t\t\t\t\t\t\t\t\t\t\t\t\t\t\t<img decoding=\"async\" width=\"400\" height=\"400\" src=\"https:\/\/cargoversum.com\/wp-content\/uploads\/2025\/04\/bohater_CTA_2_1.png\" class=\"attachment-large size-large wp-image-2548\" alt=\"\" srcset=\"https:\/\/cargoversum.com\/wp-content\/uploads\/2025\/04\/bohater_CTA_2_1.png 400w, https:\/\/cargoversum.com\/wp-content\/uploads\/2025\/04\/bohater_CTA_2_1-300x300.png 300w, https:\/\/cargoversum.com\/wp-content\/uploads\/2025\/04\/bohater_CTA_2_1-150x150.png 150w, https:\/\/cargoversum.com\/wp-content\/uploads\/2025\/04\/bohater_CTA_2_1-12x12.png 12w\" sizes=\"(max-width: 400px) 100vw, 400px\" \/>\t\t\t\t\t\t\t\t\t\t\t\t\t\t\t<\/div>\n\t\t\t\t<\/div>\n\t\t\t\t<\/div>\n\t\t\t\t<\/div>\n\t\t\t\t<\/div>\n\t\t\t\t\t<\/div>\n\t\t\t\t<\/div>\n\t\t\t\t<\/div>","protected":false},"excerpt":{"rendered":"<p>O nas W \u015bwiecie chaosu i licznych zagro\u017ce\u0144&#8230; Po\u015br\u00f3d zawi\u0142ych przepis\u00f3w i kruczk\u00f3w prawnych powsta\u0142a rewolucyjna my\u015bl \u2013 by logistyka by\u0142a prostsza, szybsza i bardziej efektywna. Kilkoro nieustraszonych \u015bmia\u0142k\u00f3w mia\u0142o odwag\u0119 marzy\u0107 o nowym, lepszym \u015bwiecie logistyki \u2013 gdzie liczy si\u0119 jako\u015b\u0107, partnerstwo, elastyczno\u015b\u0107 i bezpiecze\u0144stwo. Uzbrojeni w do\u015bwiadczenie, uczciwe podej\u015bcie do biznesu i nieszablonowe [&hellip;]<\/p>\n","protected":false},"author":1,"featured_media":0,"parent":0,"menu_order":0,"comment_status":"closed","ping_status":"closed","template":"elementor_header_footer","meta":{"footnotes":""},"class_list":["post-2101","page","type-page","status-publish","hentry"],"_links":{"self":[{"href":"https:\/\/cargoversum.com\/en\/wp-json\/wp\/v2\/pages\/2101","targetHints":{"allow":["GET"]}}],"collection":[{"href":"https:\/\/cargoversum.com\/en\/wp-json\/wp\/v2\/pages"}],"about":[{"href":"https:\/\/cargoversum.com\/en\/wp-json\/wp\/v2\/types\/page"}],"author":[{"embeddable":true,"href":"https:\/\/cargoversum.com\/en\/wp-json\/wp\/v2\/users\/1"}],"replies":[{"embeddable":true,"href":"https:\/\/cargoversum.com\/en\/wp-json\/wp\/v2\/comments?post=2101"}],"version-history":[{"count":166,"href":"https:\/\/cargoversum.com\/en\/wp-json\/wp\/v2\/pages\/2101\/revisions"}],"predecessor-version":[{"id":3350,"href":"https:\/\/cargoversum.com\/en\/wp-json\/wp\/v2\/pages\/2101\/revisions\/3350"}],"wp:attachment":[{"href":"https:\/\/cargoversum.com\/en\/wp-json\/wp\/v2\/media?parent=2101"}],"curies":[{"name":"wp","href":"https:\/\/api.w.org\/{rel}","templated":true}]}}