{"id":3049,"date":"2025-05-19T13:15:31","date_gmt":"2025-05-19T11:15:31","guid":{"rendered":"https:\/\/cargoversum.com\/?page_id=3049"},"modified":"2025-05-19T15:52:59","modified_gmt":"2025-05-19T13:52:59","slug":"transport_w_temperaturze_otoczenia","status":"publish","type":"page","link":"https:\/\/cargoversum.com\/en\/transport_w_temperaturze_otoczenia\/","title":{"rendered":"Ambient Temperature Transport"},"content":{"rendered":"<div data-elementor-type=\"wp-page\" data-elementor-id=\"3049\" class=\"elementor elementor-3049\">\n\t\t\t\t<div class=\"elementor-element elementor-element-493f9e5 e-flex e-con-boxed e-con e-parent\" data-id=\"493f9e5\" data-element_type=\"container\" data-e-type=\"container\" data-settings=\"{&quot;background_background&quot;:&quot;classic&quot;}\">\n\t\t\t\t\t<div class=\"e-con-inner\">\n\t\t\t\t<div class=\"elementor-element elementor-element-1b94b06 animated-slow elementor-widget__width-inherit elementor-invisible elementor-widget elementor-widget-sectiontitle\" data-id=\"1b94b06\" data-element_type=\"widget\" data-e-type=\"widget\" data-settings=\"{&quot;_animation&quot;:&quot;fadeInUp&quot;}\" data-widget_type=\"sectiontitle.default\">\n\t\t\t\t<div class=\"elementor-widget-container\">\n\t\t\t\t\t\r\n\t\t\r\n\t\t\t<div class=\"section-title style1 center\">\r\n\t\t\t\t\t\t\t\t\t<h4 class=\"subtitle\">Services<\/h4>\r\n\t\t\t\t\r\n\t\t\t\t\t\t\t\t\t<h1 class=\"title\">Ambient Temperature Transport<\/h1>\r\n\t\t\t\t\r\n\t\t\t\t\t\t\t<\/div>\r\n\r\n\t\t\r\n\t\t\t\t\t\t<\/div>\n\t\t\t\t<\/div>\n\t\t\t\t\t<\/div>\n\t\t\t\t<\/div>\n\t\t<div class=\"elementor-element elementor-element-b37f5ff e-flex e-con-boxed e-con e-parent\" data-id=\"b37f5ff\" data-element_type=\"container\" data-e-type=\"container\">\n\t\t\t\t\t<div class=\"e-con-inner\">\n\t\t<div class=\"elementor-element elementor-element-8bfa957 e-con-full e-flex e-con e-child\" data-id=\"8bfa957\" data-element_type=\"container\" data-e-type=\"container\">\n\t\t\t\t<div class=\"elementor-element elementor-element-8a8d82e elementor-widget elementor-widget-text-editor\" data-id=\"8a8d82e\" data-element_type=\"widget\" data-e-type=\"widget\" data-widget_type=\"text-editor.default\">\n\t\t\t\t<div class=\"elementor-widget-container\">\n\t\t\t\t\t\t\t\t\t<p>Ambient temperature transport concerns shipments that do not require specific thermal conditions \u2013 neither cooling nor heating. These goods are moved in conditions close to the external temperature. This type of transport is ideal for dry and long-shelf-life products such as non-perishable food, building materials, industrial goods, and other temperature-insensitive cargo.<\/p><p><strong><span style=\"color: #00aae5;\"> Cargoversum ensures efficient, safe, and timely transport of your products<\/span><\/strong> \u2013 always under proper conditions, in line with cargo requirements and customer expectations. No matter the type of goods, you can rely on our experience and reliability.<\/p>\t\t\t\t\t\t\t\t<\/div>\n\t\t\t\t<\/div>\n\t\t\t\t<\/div>\n\t\t<div class=\"elementor-element elementor-element-41c6d8f e-con-full e-flex e-con e-child\" data-id=\"41c6d8f\" data-element_type=\"container\" data-e-type=\"container\">\n\t\t\t\t<div class=\"elementor-element elementor-element-e354e1a elementor-widget elementor-widget-image\" data-id=\"e354e1a\" data-element_type=\"widget\" data-e-type=\"widget\" data-widget_type=\"image.default\">\n\t\t\t\t<div class=\"elementor-widget-container\">\n\t\t\t\t\t\t\t\t\t\t\t\t\t\t\t<img fetchpriority=\"high\" decoding=\"async\" width=\"2048\" height=\"1152\" src=\"https:\/\/cargoversum.com\/wp-content\/uploads\/2025\/05\/transport-w-temperaturze-otoczenia_ramka.png\" class=\"attachment-full size-full wp-image-3051\" alt=\"\" srcset=\"https:\/\/cargoversum.com\/wp-content\/uploads\/2025\/05\/transport-w-temperaturze-otoczenia_ramka.png 2048w, https:\/\/cargoversum.com\/wp-content\/uploads\/2025\/05\/transport-w-temperaturze-otoczenia_ramka-300x169.png 300w, https:\/\/cargoversum.com\/wp-content\/uploads\/2025\/05\/transport-w-temperaturze-otoczenia_ramka-1024x576.png 1024w, https:\/\/cargoversum.com\/wp-content\/uploads\/2025\/05\/transport-w-temperaturze-otoczenia_ramka-768x432.png 768w, https:\/\/cargoversum.com\/wp-content\/uploads\/2025\/05\/transport-w-temperaturze-otoczenia_ramka-1536x864.png 1536w, https:\/\/cargoversum.com\/wp-content\/uploads\/2025\/05\/transport-w-temperaturze-otoczenia_ramka-18x10.png 18w\" sizes=\"(max-width: 2048px) 100vw, 2048px\" \/>\t\t\t\t\t\t\t\t\t\t\t\t\t\t\t<\/div>\n\t\t\t\t<\/div>\n\t\t\t\t<\/div>\n\t\t\t\t\t<\/div>\n\t\t\t\t<\/div>\n\t\t<div class=\"elementor-element elementor-element-063a66b e-flex e-con-boxed e-con e-parent\" data-id=\"063a66b\" data-element_type=\"container\" data-e-type=\"container\">\n\t\t\t\t\t<div class=\"e-con-inner\">\n\t\t<div class=\"elementor-element elementor-element-c21a8c0 e-con-full e-flex e-con e-child\" data-id=\"c21a8c0\" data-element_type=\"container\" data-e-type=\"container\" data-settings=\"{&quot;background_background&quot;:&quot;classic&quot;}\">\n\t\t<div class=\"elementor-element elementor-element-5c42b7f animated-slow e-con-full e-flex elementor-invisible e-con e-child\" data-id=\"5c42b7f\" data-element_type=\"container\" data-e-type=\"container\" data-settings=\"{&quot;background_background&quot;:&quot;classic&quot;,&quot;animation&quot;:&quot;fadeInUp&quot;}\">\n\t\t<div class=\"elementor-element elementor-element-d351629 e-con-full e-flex e-con e-child\" data-id=\"d351629\" data-element_type=\"container\" data-e-type=\"container\">\n\t\t\t\t<div class=\"elementor-element elementor-element-629955d elementor-widget elementor-widget-pixein-heading\" data-id=\"629955d\" data-element_type=\"widget\" data-e-type=\"widget\" data-widget_type=\"pixein-heading.default\">\n\t\t\t\t<div class=\"elementor-widget-container\">\n\t\t\t\t\t\r\n\t\t\t<div class=\"heading\">\r\n\t\t\t\t<h2 class=\"heading-text\">Contact us today and see how we can help your business!<\/h2>\r\n\t\t\t<\/div>\r\n\r\n\t\t\t\t\t\t<\/div>\n\t\t\t\t<\/div>\n\t\t\t\t<div class=\"elementor-element elementor-element-2c007b3 elementor-widget__width-initial elementor-widget elementor-widget-pixein-heading\" data-id=\"2c007b3\" data-element_type=\"widget\" data-e-type=\"widget\" data-widget_type=\"pixein-heading.default\">\n\t\t\t\t<div class=\"elementor-widget-container\">\n\t\t\t\t\t\r\n\t\t\t<div class=\"heading\">\r\n\t\t\t\t<p class=\"heading-text\">If you're looking for a reliable partner in transport and logistics, Cargoversum is the perfect choice.\nYour ambition \u2013 our mission! Ready to get started?<\/p>\r\n\t\t\t<\/div>\r\n\r\n\t\t\t\t\t\t<\/div>\n\t\t\t\t<\/div>\n\t\t\t\t<div class=\"elementor-element elementor-element-0fcd3c8 elementor-widget elementor-widget-pixeinbutton\" data-id=\"0fcd3c8\" data-element_type=\"widget\" data-e-type=\"widget\" data-widget_type=\"pixeinbutton.default\">\n\t\t\t\t<div class=\"elementor-widget-container\">\n\t\t\t\t\t\r\n\t\t\t\r\n\r\n\t\t\t<div class=\"single-button style2\">\r\n\t\t\t\t<a class=\"button\" href=\"https:\/\/cargoversum.com\/en\/contact\/\">\r\n\t\t\t\t\tContact\t\t\t\t\t<i aria-hidden=\"true\" class=\"fas fa-arrow-right\"><\/i>\t\t\t\t<\/a>\r\n\t\t\t<\/div>\r\n\r\n\t\t\r\n\t\t\t\t\t<\/div>\n\t\t\t\t<\/div>\n\t\t\t\t<\/div>\n\t\t<div class=\"elementor-element elementor-element-9804077 e-con-full e-flex e-con e-child\" data-id=\"9804077\" data-element_type=\"container\" data-e-type=\"container\">\n\t\t\t\t<div class=\"elementor-element elementor-element-0c26193 elementor-widget elementor-widget-image\" data-id=\"0c26193\" data-element_type=\"widget\" data-e-type=\"widget\" data-widget_type=\"image.default\">\n\t\t\t\t<div class=\"elementor-widget-container\">\n\t\t\t\t\t\t\t\t\t\t\t\t\t\t\t<img decoding=\"async\" width=\"400\" height=\"400\" src=\"https:\/\/cargoversum.com\/wp-content\/uploads\/2025\/04\/bohater_CTA_2_1.png\" class=\"attachment-large size-large wp-image-2548\" alt=\"\" srcset=\"https:\/\/cargoversum.com\/wp-content\/uploads\/2025\/04\/bohater_CTA_2_1.png 400w, https:\/\/cargoversum.com\/wp-content\/uploads\/2025\/04\/bohater_CTA_2_1-300x300.png 300w, https:\/\/cargoversum.com\/wp-content\/uploads\/2025\/04\/bohater_CTA_2_1-150x150.png 150w, https:\/\/cargoversum.com\/wp-content\/uploads\/2025\/04\/bohater_CTA_2_1-12x12.png 12w\" sizes=\"(max-width: 400px) 100vw, 400px\" \/>\t\t\t\t\t\t\t\t\t\t\t\t\t\t\t<\/div>\n\t\t\t\t<\/div>\n\t\t\t\t<\/div>\n\t\t\t\t<\/div>\n\t\t\t\t<\/div>\n\t\t\t\t\t<\/div>\n\t\t\t\t<\/div>\n\t\t\t\t<\/div>","protected":false},"excerpt":{"rendered":"<p>Us\u0142ugi Transport w temperaturze otoczenia Transport w temperaturze otoczenia dotyczy przewozu \u0142adunk\u00f3w, kt\u00f3re nie wymagaj\u0105 specjalnych warunk\u00f3w termicznych \u2013 ani ch\u0142odzenia, ani ogrzewania. Towary te przemieszczane s\u0105 w warunkach zbli\u017conych do temperatury zewn\u0119trznej. Ten rodzaj transportu doskonale sprawdza si\u0119 w przypadku produkt\u00f3w suchych i trwa\u0142ych, takich jak artyku\u0142y spo\u017cywcze z d\u0142ugim terminem przydatno\u015bci, materia\u0142y budowlane, [&hellip;]<\/p>\n","protected":false},"author":1,"featured_media":0,"parent":0,"menu_order":0,"comment_status":"closed","ping_status":"closed","template":"redux-templates_contained","meta":{"footnotes":""},"class_list":["post-3049","page","type-page","status-publish","hentry"],"_links":{"self":[{"href":"https:\/\/cargoversum.com\/en\/wp-json\/wp\/v2\/pages\/3049","targetHints":{"allow":["GET"]}}],"collection":[{"href":"https:\/\/cargoversum.com\/en\/wp-json\/wp\/v2\/pages"}],"about":[{"href":"https:\/\/cargoversum.com\/en\/wp-json\/wp\/v2\/types\/page"}],"author":[{"embeddable":true,"href":"https:\/\/cargoversum.com\/en\/wp-json\/wp\/v2\/users\/1"}],"replies":[{"embeddable":true,"href":"https:\/\/cargoversum.com\/en\/wp-json\/wp\/v2\/comments?post=3049"}],"version-history":[{"count":16,"href":"https:\/\/cargoversum.com\/en\/wp-json\/wp\/v2\/pages\/3049\/revisions"}],"predecessor-version":[{"id":3285,"href":"https:\/\/cargoversum.com\/en\/wp-json\/wp\/v2\/pages\/3049\/revisions\/3285"}],"wp:attachment":[{"href":"https:\/\/cargoversum.com\/en\/wp-json\/wp\/v2\/media?parent=3049"}],"curies":[{"name":"wp","href":"https:\/\/api.w.org\/{rel}","templated":true}]}}