{"id":3055,"date":"2025-05-19T13:18:36","date_gmt":"2025-05-19T11:18:36","guid":{"rendered":"https:\/\/cargoversum.com\/?page_id=3055"},"modified":"2025-05-19T15:54:31","modified_gmt":"2025-05-19T13:54:31","slug":"transport_ekspresowy","status":"publish","type":"page","link":"https:\/\/cargoversum.com\/en\/transport_ekspresowy\/","title":{"rendered":"Express Transport"},"content":{"rendered":"<div data-elementor-type=\"wp-page\" data-elementor-id=\"3055\" class=\"elementor elementor-3055\">\n\t\t\t\t<div class=\"elementor-element elementor-element-493f9e5 e-flex e-con-boxed e-con e-parent\" data-id=\"493f9e5\" data-element_type=\"container\" data-e-type=\"container\" data-settings=\"{&quot;background_background&quot;:&quot;classic&quot;}\">\n\t\t\t\t\t<div class=\"e-con-inner\">\n\t\t\t\t<div class=\"elementor-element elementor-element-1b94b06 animated-slow elementor-widget__width-inherit elementor-invisible elementor-widget elementor-widget-sectiontitle\" data-id=\"1b94b06\" data-element_type=\"widget\" data-e-type=\"widget\" data-settings=\"{&quot;_animation&quot;:&quot;fadeInUp&quot;}\" data-widget_type=\"sectiontitle.default\">\n\t\t\t\t<div class=\"elementor-widget-container\">\n\t\t\t\t\t\r\n\t\t\r\n\t\t\t<div class=\"section-title style1 center\">\r\n\t\t\t\t\t\t\t\t\t<h4 class=\"subtitle\">Services<\/h4>\r\n\t\t\t\t\r\n\t\t\t\t\t\t\t\t\t<h1 class=\"title\">Express Transport<\/h1>\r\n\t\t\t\t\r\n\t\t\t\t\t\t\t<\/div>\r\n\r\n\t\t\r\n\t\t\t\t\t\t<\/div>\n\t\t\t\t<\/div>\n\t\t\t\t\t<\/div>\n\t\t\t\t<\/div>\n\t\t<div class=\"elementor-element elementor-element-b37f5ff e-flex e-con-boxed e-con e-parent\" data-id=\"b37f5ff\" data-element_type=\"container\" data-e-type=\"container\">\n\t\t\t\t\t<div class=\"e-con-inner\">\n\t\t<div class=\"elementor-element elementor-element-8bfa957 e-con-full e-flex e-con e-child\" data-id=\"8bfa957\" data-element_type=\"container\" data-e-type=\"container\">\n\t\t\t\t<div class=\"elementor-element elementor-element-8a8d82e elementor-widget elementor-widget-text-editor\" data-id=\"8a8d82e\" data-element_type=\"widget\" data-e-type=\"widget\" data-widget_type=\"text-editor.default\">\n\t\t\t\t<div class=\"elementor-widget-container\">\n\t\t\t\t\t\t\t\t\t<p>When time matters, express transport is the best solution. It is a fast, reliable, and flexible service for companies that need immediate delivery of goods. We carry out shipments using light delivery vehicles (up to 3.5 tons GVW) and trucks with double driver crews, significantly reducing delivery time.<\/p><p><strong><span style=\"color: #00aae5;\">The Cargoversum team consists of experienced professionals who oversee every stage of express road transport<\/span><\/strong> \u2013 from route planning to secure delivery. We ensure appropriate transport conditions, continuous monitoring, and timely, undamaged delivery to the recipient. For us, nothing is impossible \u2013 only challenges we are eager to tackle.<\/p>\t\t\t\t\t\t\t\t<\/div>\n\t\t\t\t<\/div>\n\t\t\t\t<\/div>\n\t\t<div class=\"elementor-element elementor-element-41c6d8f e-con-full e-flex e-con e-child\" data-id=\"41c6d8f\" data-element_type=\"container\" data-e-type=\"container\">\n\t\t\t\t<div class=\"elementor-element elementor-element-e354e1a elementor-widget elementor-widget-image\" data-id=\"e354e1a\" data-element_type=\"widget\" data-e-type=\"widget\" data-widget_type=\"image.default\">\n\t\t\t\t<div class=\"elementor-widget-container\">\n\t\t\t\t\t\t\t\t\t\t\t\t\t\t\t<img fetchpriority=\"high\" decoding=\"async\" width=\"1459\" height=\"2048\" src=\"https:\/\/cargoversum.com\/wp-content\/uploads\/2025\/05\/transport-ekspresowy_ramka.png\" class=\"attachment-full size-full wp-image-3057\" alt=\"\" srcset=\"https:\/\/cargoversum.com\/wp-content\/uploads\/2025\/05\/transport-ekspresowy_ramka.png 1459w, https:\/\/cargoversum.com\/wp-content\/uploads\/2025\/05\/transport-ekspresowy_ramka-214x300.png 214w, https:\/\/cargoversum.com\/wp-content\/uploads\/2025\/05\/transport-ekspresowy_ramka-730x1024.png 730w, https:\/\/cargoversum.com\/wp-content\/uploads\/2025\/05\/transport-ekspresowy_ramka-768x1078.png 768w, https:\/\/cargoversum.com\/wp-content\/uploads\/2025\/05\/transport-ekspresowy_ramka-1094x1536.png 1094w, https:\/\/cargoversum.com\/wp-content\/uploads\/2025\/05\/transport-ekspresowy_ramka-9x12.png 9w\" sizes=\"(max-width: 1459px) 100vw, 1459px\" \/>\t\t\t\t\t\t\t\t\t\t\t\t\t\t\t<\/div>\n\t\t\t\t<\/div>\n\t\t\t\t<\/div>\n\t\t\t\t\t<\/div>\n\t\t\t\t<\/div>\n\t\t<div class=\"elementor-element elementor-element-063a66b e-flex e-con-boxed e-con e-parent\" data-id=\"063a66b\" data-element_type=\"container\" data-e-type=\"container\">\n\t\t\t\t\t<div class=\"e-con-inner\">\n\t\t<div class=\"elementor-element elementor-element-c21a8c0 e-con-full e-flex e-con e-child\" data-id=\"c21a8c0\" data-element_type=\"container\" data-e-type=\"container\" data-settings=\"{&quot;background_background&quot;:&quot;classic&quot;}\">\n\t\t<div class=\"elementor-element elementor-element-5c42b7f animated-slow e-con-full e-flex elementor-invisible e-con e-child\" data-id=\"5c42b7f\" data-element_type=\"container\" data-e-type=\"container\" data-settings=\"{&quot;background_background&quot;:&quot;classic&quot;,&quot;animation&quot;:&quot;fadeInUp&quot;}\">\n\t\t<div class=\"elementor-element elementor-element-d351629 e-con-full e-flex e-con e-child\" data-id=\"d351629\" data-element_type=\"container\" data-e-type=\"container\">\n\t\t\t\t<div class=\"elementor-element elementor-element-629955d elementor-widget elementor-widget-pixein-heading\" data-id=\"629955d\" data-element_type=\"widget\" data-e-type=\"widget\" data-widget_type=\"pixein-heading.default\">\n\t\t\t\t<div class=\"elementor-widget-container\">\n\t\t\t\t\t\r\n\t\t\t<div class=\"heading\">\r\n\t\t\t\t<h2 class=\"heading-text\">Contact us today and see how we can help your business!<\/h2>\r\n\t\t\t<\/div>\r\n\r\n\t\t\t\t\t\t<\/div>\n\t\t\t\t<\/div>\n\t\t\t\t<div class=\"elementor-element elementor-element-2c007b3 elementor-widget__width-initial elementor-widget elementor-widget-pixein-heading\" data-id=\"2c007b3\" data-element_type=\"widget\" data-e-type=\"widget\" data-widget_type=\"pixein-heading.default\">\n\t\t\t\t<div class=\"elementor-widget-container\">\n\t\t\t\t\t\r\n\t\t\t<div class=\"heading\">\r\n\t\t\t\t<p class=\"heading-text\">If you're looking for a reliable partner in transport and logistics, Cargoversum is the perfect choice.\nYour ambition \u2013 our mission! Ready to get started?<\/p>\r\n\t\t\t<\/div>\r\n\r\n\t\t\t\t\t\t<\/div>\n\t\t\t\t<\/div>\n\t\t\t\t<div class=\"elementor-element elementor-element-0fcd3c8 elementor-widget elementor-widget-pixeinbutton\" data-id=\"0fcd3c8\" data-element_type=\"widget\" data-e-type=\"widget\" data-widget_type=\"pixeinbutton.default\">\n\t\t\t\t<div class=\"elementor-widget-container\">\n\t\t\t\t\t\r\n\t\t\t\r\n\r\n\t\t\t<div class=\"single-button style2\">\r\n\t\t\t\t<a class=\"button\" href=\"https:\/\/cargoversum.com\/en\/contact\/\">\r\n\t\t\t\t\tContact\t\t\t\t\t<i aria-hidden=\"true\" class=\"fas fa-arrow-right\"><\/i>\t\t\t\t<\/a>\r\n\t\t\t<\/div>\r\n\r\n\t\t\r\n\t\t\t\t\t<\/div>\n\t\t\t\t<\/div>\n\t\t\t\t<\/div>\n\t\t<div class=\"elementor-element elementor-element-9804077 e-con-full e-flex e-con e-child\" data-id=\"9804077\" data-element_type=\"container\" data-e-type=\"container\">\n\t\t\t\t<div class=\"elementor-element elementor-element-0c26193 elementor-widget elementor-widget-image\" data-id=\"0c26193\" data-element_type=\"widget\" data-e-type=\"widget\" data-widget_type=\"image.default\">\n\t\t\t\t<div class=\"elementor-widget-container\">\n\t\t\t\t\t\t\t\t\t\t\t\t\t\t\t<img decoding=\"async\" width=\"400\" height=\"400\" src=\"https:\/\/cargoversum.com\/wp-content\/uploads\/2025\/04\/bohater_CTA_2_1.png\" class=\"attachment-large size-large wp-image-2548\" alt=\"\" srcset=\"https:\/\/cargoversum.com\/wp-content\/uploads\/2025\/04\/bohater_CTA_2_1.png 400w, https:\/\/cargoversum.com\/wp-content\/uploads\/2025\/04\/bohater_CTA_2_1-300x300.png 300w, https:\/\/cargoversum.com\/wp-content\/uploads\/2025\/04\/bohater_CTA_2_1-150x150.png 150w, https:\/\/cargoversum.com\/wp-content\/uploads\/2025\/04\/bohater_CTA_2_1-12x12.png 12w\" sizes=\"(max-width: 400px) 100vw, 400px\" \/>\t\t\t\t\t\t\t\t\t\t\t\t\t\t\t<\/div>\n\t\t\t\t<\/div>\n\t\t\t\t<\/div>\n\t\t\t\t<\/div>\n\t\t\t\t<\/div>\n\t\t\t\t\t<\/div>\n\t\t\t\t<\/div>\n\t\t\t\t<\/div>","protected":false},"excerpt":{"rendered":"<p>Us\u0142ugi Transport ekspresowy Gdy liczy si\u0119 czas, transport ekspresowy to najlepsze rozwi\u0105zanie. To szybka, niezawodna i elastyczna us\u0142uga dla firm, kt\u00f3re potrzebuj\u0105 natychmiastowej dostawy towar\u00f3w. Realizujemy przewozy z wykorzystaniem lekkich pojazd\u00f3w dostawczych (do 3,5 t DMC) oraz samochod\u00f3w ci\u0119\u017carowych z podw\u00f3jn\u0105 obsad\u0105 kierowc\u00f3w, co pozwala znacz\u0105co skr\u00f3ci\u0107 czas dostawy. Zesp\u00f3\u0142 Cargoversum to do\u015bwiadczeni profesjonali\u015bci, kt\u00f3rzy [&hellip;]<\/p>\n","protected":false},"author":1,"featured_media":0,"parent":0,"menu_order":0,"comment_status":"closed","ping_status":"closed","template":"redux-templates_contained","meta":{"footnotes":""},"class_list":["post-3055","page","type-page","status-publish","hentry"],"_links":{"self":[{"href":"https:\/\/cargoversum.com\/en\/wp-json\/wp\/v2\/pages\/3055","targetHints":{"allow":["GET"]}}],"collection":[{"href":"https:\/\/cargoversum.com\/en\/wp-json\/wp\/v2\/pages"}],"about":[{"href":"https:\/\/cargoversum.com\/en\/wp-json\/wp\/v2\/types\/page"}],"author":[{"embeddable":true,"href":"https:\/\/cargoversum.com\/en\/wp-json\/wp\/v2\/users\/1"}],"replies":[{"embeddable":true,"href":"https:\/\/cargoversum.com\/en\/wp-json\/wp\/v2\/comments?post=3055"}],"version-history":[{"count":13,"href":"https:\/\/cargoversum.com\/en\/wp-json\/wp\/v2\/pages\/3055\/revisions"}],"predecessor-version":[{"id":3294,"href":"https:\/\/cargoversum.com\/en\/wp-json\/wp\/v2\/pages\/3055\/revisions\/3294"}],"wp:attachment":[{"href":"https:\/\/cargoversum.com\/en\/wp-json\/wp\/v2\/media?parent=3055"}],"curies":[{"name":"wp","href":"https:\/\/api.w.org\/{rel}","templated":true}]}}