{"id":3082,"date":"2025-05-19T13:32:00","date_gmt":"2025-05-19T11:32:00","guid":{"rendered":"https:\/\/cargoversum.com\/?page_id=3082"},"modified":"2025-05-20T14:00:56","modified_gmt":"2025-05-20T12:00:56","slug":"spedycja_miedzynarodowa","status":"publish","type":"page","link":"https:\/\/cargoversum.com\/en\/spedycja_miedzynarodowa\/","title":{"rendered":"International Freight Forwarding"},"content":{"rendered":"<div data-elementor-type=\"wp-page\" data-elementor-id=\"3082\" class=\"elementor elementor-3082\">\n\t\t\t\t<div class=\"elementor-element elementor-element-493f9e5 e-flex e-con-boxed e-con e-parent\" data-id=\"493f9e5\" data-element_type=\"container\" data-e-type=\"container\" data-settings=\"{&quot;background_background&quot;:&quot;classic&quot;}\">\n\t\t\t\t\t<div class=\"e-con-inner\">\n\t\t\t\t<div class=\"elementor-element elementor-element-1b94b06 animated-slow elementor-widget__width-inherit elementor-invisible elementor-widget elementor-widget-sectiontitle\" data-id=\"1b94b06\" data-element_type=\"widget\" data-e-type=\"widget\" data-settings=\"{&quot;_animation&quot;:&quot;fadeInUp&quot;}\" data-widget_type=\"sectiontitle.default\">\n\t\t\t\t<div class=\"elementor-widget-container\">\n\t\t\t\t\t\r\n\t\t\r\n\t\t\t<div class=\"section-title style1 center\">\r\n\t\t\t\t\t\t\t\t\t<h4 class=\"subtitle\">Services<\/h4>\r\n\t\t\t\t\r\n\t\t\t\t\t\t\t\t\t<h1 class=\"title\">International Freight Forwarding<\/h1>\r\n\t\t\t\t\r\n\t\t\t\t\t\t\t<\/div>\r\n\r\n\t\t\r\n\t\t\t\t\t\t<\/div>\n\t\t\t\t<\/div>\n\t\t\t\t\t<\/div>\n\t\t\t\t<\/div>\n\t\t<div class=\"elementor-element elementor-element-b37f5ff e-flex e-con-boxed e-con e-parent\" data-id=\"b37f5ff\" data-element_type=\"container\" data-e-type=\"container\">\n\t\t\t\t\t<div class=\"e-con-inner\">\n\t\t<div class=\"elementor-element elementor-element-8bfa957 e-con-full e-flex e-con e-child\" data-id=\"8bfa957\" data-element_type=\"container\" data-e-type=\"container\">\n\t\t\t\t<div class=\"elementor-element elementor-element-8a8d82e elementor-widget elementor-widget-text-editor\" data-id=\"8a8d82e\" data-element_type=\"widget\" data-e-type=\"widget\" data-widget_type=\"text-editor.default\">\n\t\t\t\t<div class=\"elementor-widget-container\">\n\t\t\t\t\t\t\t\t\t<p>International freight forwarding is the comprehensive process of planning, organizing, and supervising the transport of goods between countries. It includes not only transport but also customs documentation, cargo insurance, shipment tracking, and continuous customer communication at every stage of the process.<\/p><p><strong><span style=\"color: #00aae5;\"> Cargoversum provides reliable forwarding services within the European Union, offering efficient and secure international transport.<\/span><\/strong> With our knowledge, experience, and familiarity with procedures, we effectively minimize risks and costs associated with shipping goods abroad. We guarantee that your cargo will arrive on time \u2013 in perfect condition and with complete documentation.<\/p>\t\t\t\t\t\t\t\t<\/div>\n\t\t\t\t<\/div>\n\t\t\t\t<\/div>\n\t\t<div class=\"elementor-element elementor-element-41c6d8f e-con-full e-flex e-con e-child\" data-id=\"41c6d8f\" data-element_type=\"container\" data-e-type=\"container\">\n\t\t\t\t<div class=\"elementor-element elementor-element-e354e1a elementor-widget elementor-widget-image\" data-id=\"e354e1a\" data-element_type=\"widget\" data-e-type=\"widget\" data-widget_type=\"image.default\">\n\t\t\t\t<div class=\"elementor-widget-container\">\n\t\t\t\t\t\t\t\t\t\t\t\t\t\t\t<img fetchpriority=\"high\" decoding=\"async\" width=\"2048\" height=\"1985\" src=\"https:\/\/cargoversum.com\/wp-content\/uploads\/2025\/05\/spedycja-miedzynarodowa_ramka.png\" class=\"attachment-full size-full wp-image-3084\" alt=\"\" srcset=\"https:\/\/cargoversum.com\/wp-content\/uploads\/2025\/05\/spedycja-miedzynarodowa_ramka.png 2048w, https:\/\/cargoversum.com\/wp-content\/uploads\/2025\/05\/spedycja-miedzynarodowa_ramka-300x291.png 300w, https:\/\/cargoversum.com\/wp-content\/uploads\/2025\/05\/spedycja-miedzynarodowa_ramka-1024x993.png 1024w, https:\/\/cargoversum.com\/wp-content\/uploads\/2025\/05\/spedycja-miedzynarodowa_ramka-768x744.png 768w, https:\/\/cargoversum.com\/wp-content\/uploads\/2025\/05\/spedycja-miedzynarodowa_ramka-1536x1489.png 1536w, https:\/\/cargoversum.com\/wp-content\/uploads\/2025\/05\/spedycja-miedzynarodowa_ramka-12x12.png 12w\" sizes=\"(max-width: 2048px) 100vw, 2048px\" \/>\t\t\t\t\t\t\t\t\t\t\t\t\t\t\t<\/div>\n\t\t\t\t<\/div>\n\t\t\t\t<\/div>\n\t\t\t\t\t<\/div>\n\t\t\t\t<\/div>\n\t\t<div class=\"elementor-element elementor-element-b3b4ba4 e-flex e-con-boxed e-con e-parent\" data-id=\"b3b4ba4\" data-element_type=\"container\" data-e-type=\"container\">\n\t\t\t\t\t<div class=\"e-con-inner\">\n\t\t<div class=\"elementor-element elementor-element-6c5c2de animated-slow e-con-full e-flex elementor-invisible e-con e-child\" data-id=\"6c5c2de\" data-element_type=\"container\" data-e-type=\"container\" data-settings=\"{&quot;animation&quot;:&quot;fadeInUp&quot;}\">\n\t\t<a class=\"elementor-element elementor-element-ad9a94e e-con-full e-transform e-flex e-con e-child\" data-id=\"ad9a94e\" data-element_type=\"container\" data-e-type=\"container\" data-settings=\"{&quot;_transform_scale_effect_hover&quot;:{&quot;unit&quot;:&quot;px&quot;,&quot;size&quot;:0.9,&quot;sizes&quot;:[]},&quot;_transform_scale_effect_hover_tablet&quot;:{&quot;unit&quot;:&quot;px&quot;,&quot;size&quot;:&quot;&quot;,&quot;sizes&quot;:[]},&quot;_transform_scale_effect_hover_mobile&quot;:{&quot;unit&quot;:&quot;px&quot;,&quot;size&quot;:&quot;&quot;,&quot;sizes&quot;:[]}}\" href=\"https:\/\/cargoversum.com\/en\/transport_towarow_swiezych\/\">\n\t\t\t\t<div class=\"elementor-element elementor-element-29750dd e-transform elementor-widget elementor-widget-service\" data-id=\"29750dd\" data-element_type=\"widget\" data-e-type=\"widget\" data-settings=\"{&quot;_transform_scale_effect_hover&quot;:{&quot;unit&quot;:&quot;px&quot;,&quot;size&quot;:&quot;&quot;,&quot;sizes&quot;:[]},&quot;_transform_scale_effect_hover_tablet&quot;:{&quot;unit&quot;:&quot;px&quot;,&quot;size&quot;:&quot;&quot;,&quot;sizes&quot;:[]},&quot;_transform_scale_effect_hover_mobile&quot;:{&quot;unit&quot;:&quot;px&quot;,&quot;size&quot;:&quot;&quot;,&quot;sizes&quot;:[]}}\" data-widget_type=\"service.default\">\n\t\t\t\t<div class=\"elementor-widget-container\">\n\t\t\t\t\t\r\n\t\t\r\n\t\t\t<div class=\"service-box style3\">\r\n\t\t\t   <!--  <div class=\"image\">\r\n\t\t\t\t\t<img decoding=\"async\" src=\"\" alt=\"\">\r\n\t\t\t\t<\/div> -->\r\n\t\t\t\t<div class=\"content\">\r\n\t\t\t\t\t<div class=\"service_icon\">\r\n\t\t\t\t\t\t\t\t\t\t\t<div class=\"service_img\">\r\n\t\t\t\t\t\t\t<img decoding=\"async\" src=\"https:\/\/cargoversum.com\/wp-content\/uploads\/2025\/05\/Transport-towarow-swiezych.png\" alt=\"\" \/>\r\n\t\t\t\t\t\t<\/div>\r\n\t\t\t\t\t\t\t\t\t<\/div>\r\n\t\t\t\t\t<div class=\"text\">\r\n\t\t\t\t\t\t<div class=\"title\">\r\n\t\t\t\t\t\t\t<h3>Fresh Goods Transport <\/h3>\r\n\t\t\t\t\t\t<\/div>\r\n\t\t\t\t\t\t<div class=\"description\">\r\n\t\t\t\t\t\t\t<p>We specialize in transporting temperature-sensitive products \u2013 such as fruit, vegetables, meat, and dairy. We ensure full control of conditions and on-time delivery.<\/p>\r\n\t\t\t\t\t\t<\/div>\r\n\t\t\t\t\t<\/div>\r\n\t\t\t\t<\/div>\r\n\t\t\t<\/div>\r\n\r\n\t\t\t\t\t\t<\/div>\n\t\t\t\t<\/div>\n\t\t\t\t<\/a>\n\t\t<a class=\"elementor-element elementor-element-a20dd04 e-con-full e-flex e-con e-child\" data-id=\"a20dd04\" data-element_type=\"container\" data-e-type=\"container\" href=\"https:\/\/cargoversum.com\/en\/transport_towarow_mrozonych\/\">\n\t\t\t\t<div class=\"elementor-element elementor-element-0893bf0 e-transform elementor-widget elementor-widget-service\" data-id=\"0893bf0\" data-element_type=\"widget\" data-e-type=\"widget\" data-settings=\"{&quot;_transform_scale_effect_hover&quot;:{&quot;unit&quot;:&quot;px&quot;,&quot;size&quot;:0.9,&quot;sizes&quot;:[]},&quot;_transform_scale_effect_hover_tablet&quot;:{&quot;unit&quot;:&quot;px&quot;,&quot;size&quot;:&quot;&quot;,&quot;sizes&quot;:[]},&quot;_transform_scale_effect_hover_mobile&quot;:{&quot;unit&quot;:&quot;px&quot;,&quot;size&quot;:&quot;&quot;,&quot;sizes&quot;:[]}}\" data-widget_type=\"service.default\">\n\t\t\t\t<div class=\"elementor-widget-container\">\n\t\t\t\t\t\r\n\t\t\r\n\t\t\t<div class=\"service-box style3\">\r\n\t\t\t   <!--  <div class=\"image\">\r\n\t\t\t\t\t<img decoding=\"async\" src=\"https:\/\/cargoversum.com\/wp-content\/plugins\/elementor\/assets\/images\/placeholder.png\" alt=\"\">\r\n\t\t\t\t<\/div> -->\r\n\t\t\t\t<div class=\"content\">\r\n\t\t\t\t\t<div class=\"service_icon\">\r\n\t\t\t\t\t\t\t\t\t\t\t<div class=\"service_img\">\r\n\t\t\t\t\t\t\t<img decoding=\"async\" src=\"https:\/\/cargoversum.com\/wp-content\/uploads\/2025\/05\/Transport-towarow-mrozonych.png\" alt=\"\" \/>\r\n\t\t\t\t\t\t<\/div>\r\n\t\t\t\t\t\t\t\t\t<\/div>\r\n\t\t\t\t\t<div class=\"text\">\r\n\t\t\t\t\t\t<div class=\"title\">\r\n\t\t\t\t\t\t\t<h3>Frozen Goods Transport <\/h3>\r\n\t\t\t\t\t\t<\/div>\r\n\t\t\t\t\t\t<div class=\"description\">\r\n\t\t\t\t\t\t\t<p>We provide frozen goods transport with full temperature control. Guaranteed quality, safety, and uncompromised delivery.\n\n<\/p>\r\n\t\t\t\t\t\t<\/div>\r\n\t\t\t\t\t<\/div>\r\n\t\t\t\t<\/div>\r\n\t\t\t<\/div>\r\n\r\n\t\t\t\t\t\t<\/div>\n\t\t\t\t<\/div>\n\t\t\t\t<\/a>\n\t\t<a class=\"elementor-element elementor-element-b926a02 e-con-full e-flex e-con e-child\" data-id=\"b926a02\" data-element_type=\"container\" data-e-type=\"container\" href=\"https:\/\/cargoversum.com\/en\/transport_w_temperaturze_otoczenia\/\">\n\t\t\t\t<div class=\"elementor-element elementor-element-47b3dbe elementor-widget elementor-widget-service\" data-id=\"47b3dbe\" data-element_type=\"widget\" data-e-type=\"widget\" data-widget_type=\"service.default\">\n\t\t\t\t<div class=\"elementor-widget-container\">\n\t\t\t\t\t\r\n\t\t\r\n\t\t\t<div class=\"service-box style3\">\r\n\t\t\t   <!--  <div class=\"image\">\r\n\t\t\t\t\t<img decoding=\"async\" src=\"https:\/\/cargoversum.com\/wp-content\/plugins\/elementor\/assets\/images\/placeholder.png\" alt=\"\">\r\n\t\t\t\t<\/div> -->\r\n\t\t\t\t<div class=\"content\">\r\n\t\t\t\t\t<div class=\"service_icon\">\r\n\t\t\t\t\t\t\t\t\t\t\t<div class=\"service_img\">\r\n\t\t\t\t\t\t\t<img decoding=\"async\" src=\"https:\/\/cargoversum.com\/wp-content\/uploads\/2025\/05\/Transport-w-temperaturze-otoczenia.png\" alt=\"\" \/>\r\n\t\t\t\t\t\t<\/div>\r\n\t\t\t\t\t\t\t\t\t<\/div>\r\n\t\t\t\t\t<div class=\"text\">\r\n\t\t\t\t\t\t<div class=\"title\">\r\n\t\t\t\t\t\t\t<h3>Ambient Temperature Transport<\/h3>\r\n\t\t\t\t\t\t<\/div>\r\n\t\t\t\t\t\t<div class=\"description\">\r\n\t\t\t\t\t\t\t<p>We transport goods that do not require refrigeration \u2013 such as shelf-stable food, construction, and industrial materials. We ensure efficient and safe delivery.\n<br>\n<br><\/p>\r\n\t\t\t\t\t\t<\/div>\r\n\t\t\t\t\t<\/div>\r\n\t\t\t\t<\/div>\r\n\t\t\t<\/div>\r\n\r\n\t\t\t\t\t\t<\/div>\n\t\t\t\t<\/div>\n\t\t\t\t<\/a>\n\t\t\t\t<\/div>\n\t\t\t\t\t<\/div>\n\t\t\t\t<\/div>\n\t\t<div class=\"elementor-element elementor-element-063a66b e-flex e-con-boxed e-con e-parent\" data-id=\"063a66b\" data-element_type=\"container\" data-e-type=\"container\">\n\t\t\t\t\t<div class=\"e-con-inner\">\n\t\t<div class=\"elementor-element elementor-element-c21a8c0 e-con-full e-flex e-con e-child\" data-id=\"c21a8c0\" data-element_type=\"container\" data-e-type=\"container\" data-settings=\"{&quot;background_background&quot;:&quot;classic&quot;}\">\n\t\t<div class=\"elementor-element elementor-element-5c42b7f animated-slow e-con-full e-flex elementor-invisible e-con e-child\" data-id=\"5c42b7f\" data-element_type=\"container\" data-e-type=\"container\" data-settings=\"{&quot;background_background&quot;:&quot;classic&quot;,&quot;animation&quot;:&quot;fadeInUp&quot;}\">\n\t\t<div class=\"elementor-element elementor-element-d351629 e-con-full e-flex e-con e-child\" data-id=\"d351629\" data-element_type=\"container\" data-e-type=\"container\">\n\t\t\t\t<div class=\"elementor-element elementor-element-629955d elementor-widget elementor-widget-pixein-heading\" data-id=\"629955d\" data-element_type=\"widget\" data-e-type=\"widget\" data-widget_type=\"pixein-heading.default\">\n\t\t\t\t<div class=\"elementor-widget-container\">\n\t\t\t\t\t\r\n\t\t\t<div class=\"heading\">\r\n\t\t\t\t<h2 class=\"heading-text\">Contact us today and see how we can help your business!<\/h2>\r\n\t\t\t<\/div>\r\n\r\n\t\t\t\t\t\t<\/div>\n\t\t\t\t<\/div>\n\t\t\t\t<div class=\"elementor-element elementor-element-2c007b3 elementor-widget__width-initial elementor-widget elementor-widget-pixein-heading\" data-id=\"2c007b3\" data-element_type=\"widget\" data-e-type=\"widget\" data-widget_type=\"pixein-heading.default\">\n\t\t\t\t<div class=\"elementor-widget-container\">\n\t\t\t\t\t\r\n\t\t\t<div class=\"heading\">\r\n\t\t\t\t<p class=\"heading-text\">If you're looking for a reliable partner in transport and logistics, Cargoversum is the perfect choice.\nYour ambition \u2013 our mission! Ready to get started?<\/p>\r\n\t\t\t<\/div>\r\n\r\n\t\t\t\t\t\t<\/div>\n\t\t\t\t<\/div>\n\t\t\t\t<div class=\"elementor-element elementor-element-0fcd3c8 elementor-widget elementor-widget-pixeinbutton\" data-id=\"0fcd3c8\" data-element_type=\"widget\" data-e-type=\"widget\" data-widget_type=\"pixeinbutton.default\">\n\t\t\t\t<div class=\"elementor-widget-container\">\n\t\t\t\t\t\r\n\t\t\t\r\n\r\n\t\t\t<div class=\"single-button style2\">\r\n\t\t\t\t<a class=\"button\" href=\"https:\/\/cargoversum.com\/en\/contact\/\">\r\n\t\t\t\t\tContact\t\t\t\t\t<i aria-hidden=\"true\" class=\"fas fa-arrow-right\"><\/i>\t\t\t\t<\/a>\r\n\t\t\t<\/div>\r\n\r\n\t\t\r\n\t\t\t\t\t<\/div>\n\t\t\t\t<\/div>\n\t\t\t\t<\/div>\n\t\t<div class=\"elementor-element elementor-element-9804077 e-con-full e-flex e-con e-child\" data-id=\"9804077\" data-element_type=\"container\" data-e-type=\"container\">\n\t\t\t\t<div class=\"elementor-element elementor-element-0c26193 elementor-widget elementor-widget-image\" data-id=\"0c26193\" data-element_type=\"widget\" data-e-type=\"widget\" data-widget_type=\"image.default\">\n\t\t\t\t<div class=\"elementor-widget-container\">\n\t\t\t\t\t\t\t\t\t\t\t\t\t\t\t<img decoding=\"async\" width=\"400\" height=\"400\" src=\"https:\/\/cargoversum.com\/wp-content\/uploads\/2025\/04\/bohater_CTA_2_1.png\" class=\"attachment-large size-large wp-image-2548\" alt=\"\" srcset=\"https:\/\/cargoversum.com\/wp-content\/uploads\/2025\/04\/bohater_CTA_2_1.png 400w, https:\/\/cargoversum.com\/wp-content\/uploads\/2025\/04\/bohater_CTA_2_1-300x300.png 300w, https:\/\/cargoversum.com\/wp-content\/uploads\/2025\/04\/bohater_CTA_2_1-150x150.png 150w, https:\/\/cargoversum.com\/wp-content\/uploads\/2025\/04\/bohater_CTA_2_1-12x12.png 12w\" sizes=\"(max-width: 400px) 100vw, 400px\" \/>\t\t\t\t\t\t\t\t\t\t\t\t\t\t\t<\/div>\n\t\t\t\t<\/div>\n\t\t\t\t<\/div>\n\t\t\t\t<\/div>\n\t\t\t\t<\/div>\n\t\t\t\t\t<\/div>\n\t\t\t\t<\/div>\n\t\t\t\t<\/div>","protected":false},"excerpt":{"rendered":"<p>Us\u0142ugi Spedycja mi\u0119dzynarodowa Spedycja mi\u0119dzynarodowa to kompleksowy proces planowania, organizacji i nadzoru nad transportem towar\u00f3w pomi\u0119dzy krajami. Obejmuje nie tylko sam przew\u00f3z, ale tak\u017ce obs\u0142ug\u0119 dokumentacji celnej, ubezpieczenie \u0142adunku, \u015bledzenie przesy\u0142ek oraz bie\u017c\u0105cy kontakt z klientem na ka\u017cdym etapie realizacji zlecenia. Cargoversum zapewnia niezawodn\u0105 obs\u0142ug\u0119 spedycyjn\u0105 na terenie Unii Europejskiej, oferuj\u0105c sprawny i bezpieczny transport [&hellip;]<\/p>\n","protected":false},"author":1,"featured_media":0,"parent":0,"menu_order":0,"comment_status":"closed","ping_status":"closed","template":"redux-templates_contained","meta":{"footnotes":""},"class_list":["post-3082","page","type-page","status-publish","hentry"],"_links":{"self":[{"href":"https:\/\/cargoversum.com\/en\/wp-json\/wp\/v2\/pages\/3082","targetHints":{"allow":["GET"]}}],"collection":[{"href":"https:\/\/cargoversum.com\/en\/wp-json\/wp\/v2\/pages"}],"about":[{"href":"https:\/\/cargoversum.com\/en\/wp-json\/wp\/v2\/types\/page"}],"author":[{"embeddable":true,"href":"https:\/\/cargoversum.com\/en\/wp-json\/wp\/v2\/users\/1"}],"replies":[{"embeddable":true,"href":"https:\/\/cargoversum.com\/en\/wp-json\/wp\/v2\/comments?post=3082"}],"version-history":[{"count":25,"href":"https:\/\/cargoversum.com\/en\/wp-json\/wp\/v2\/pages\/3082\/revisions"}],"predecessor-version":[{"id":3318,"href":"https:\/\/cargoversum.com\/en\/wp-json\/wp\/v2\/pages\/3082\/revisions\/3318"}],"wp:attachment":[{"href":"https:\/\/cargoversum.com\/en\/wp-json\/wp\/v2\/media?parent=3082"}],"curies":[{"name":"wp","href":"https:\/\/api.w.org\/{rel}","templated":true}]}}