{"id":3324,"date":"2025-05-26T12:07:20","date_gmt":"2025-05-26T10:07:20","guid":{"rendered":"https:\/\/cargoversum.com\/?page_id=3324"},"modified":"2025-06-02T14:35:52","modified_gmt":"2025-06-02T12:35:52","slug":"kariera","status":"publish","type":"page","link":"https:\/\/cargoversum.com\/en\/kariera\/","title":{"rendered":"Kariera"},"content":{"rendered":"<div data-elementor-type=\"wp-page\" data-elementor-id=\"3324\" class=\"elementor elementor-3324\">\n\t\t\t\t<div class=\"elementor-element elementor-element-20d7d4f e-flex e-con-boxed e-con e-parent\" data-id=\"20d7d4f\" data-element_type=\"container\" data-e-type=\"container\" data-settings=\"{&quot;background_background&quot;:&quot;classic&quot;}\">\n\t\t\t\t\t<div class=\"e-con-inner\">\n\t\t\t\t<div class=\"elementor-element elementor-element-f0138a2 elementor-widget elementor-widget-heading\" data-id=\"f0138a2\" data-element_type=\"widget\" data-e-type=\"widget\" data-widget_type=\"heading.default\">\n\t\t\t\t<div class=\"elementor-widget-container\">\n\t\t\t\t\t<h2 class=\"elementor-heading-title elementor-size-default\">CAREER<\/h2>\t\t\t\t<\/div>\n\t\t\t\t<\/div>\n\t\t\t\t\t<\/div>\n\t\t\t\t<\/div>\n\t\t<div class=\"elementor-element elementor-element-4062a97 e-flex e-con-boxed e-con e-parent\" data-id=\"4062a97\" data-element_type=\"container\" data-e-type=\"container\" data-settings=\"{&quot;background_background&quot;:&quot;classic&quot;}\">\n\t\t\t\t\t<div class=\"e-con-inner\">\n\t\t<div class=\"elementor-element elementor-element-81798e6 e-con-full e-flex e-con e-child\" data-id=\"81798e6\" data-element_type=\"container\" data-e-type=\"container\">\n\t\t\t\t<div class=\"elementor-element elementor-element-dd89c67 elementor-widget__width-inherit elementor-widget-tablet__width-inherit elementor-widget elementor-widget-text-editor\" data-id=\"dd89c67\" data-element_type=\"widget\" data-e-type=\"widget\" data-widget_type=\"text-editor.default\">\n\t\t\t\t<div class=\"elementor-widget-container\">\n\t\t\t\t\t\t\t\t\t<h1>In a world where the journey matters just as much as the destination...<\/h1>\t\t\t\t\t\t\t\t<\/div>\n\t\t\t\t<\/div>\n\t\t\t\t<div class=\"elementor-element elementor-element-ffed03a elementor-widget elementor-widget-text-editor\" data-id=\"ffed03a\" data-element_type=\"widget\" data-e-type=\"widget\" data-widget_type=\"text-editor.default\">\n\t\t\t\t<div class=\"elementor-widget-container\">\n\t\t\t\t\t\t\t\t\t<p>A space has emerged for those who want to work with passion, grow, and co-create something greater. At Cargoversum, we're not just looking for employees \u2013 we're searching for pioneers ready to reshape the logistics landscape.<\/p><p class=\"translation-block\">Here <span style=\"color: #0095d2\"><strong>stability<\/strong><\/span> isn't just a buzzword \u2013 it's a daily reality built on solid foundations. As a trusted partner in a limitless industry, we offer <span style=\"color: #0095d2\"><strong>attractive working conditions <\/span><\/strong>and the certainty that each day brings us closer to shared success.<\/p><p>Our universe thrives because we<span style=\"color: #0095d2;\"> <strong>invest in people<\/strong><\/span>. Training programs, courses, career paths \u2013 these aren\u2019t perks, they\u2019re part of who we are. We believe everyone has untapped potential, and with the right support, good can become exceptional.<\/p><p>At Cargoversum, <span style=\"color: #0095d2;\"><strong>a tight-knit team<\/strong><\/span> is more than just a slogan \u2013 it\u2019s our greatest strength. We foster a culture where every voice matters, every idea counts, and collaboration always wins over competition.<\/p><p>If you dream of a place where <span style=\"color: #0095d2;\"><strong>people, growth, and a shared vision<\/strong><\/span>, you\u2019ve found it. Join us and help shape the future of logistics \u2013 simple, modern, and full of possibilities. <span style=\"color: #0095d2;\"><strong>Let\u2019s go further \u2013 together, without limits.<\/strong><\/span><\/p>\t\t\t\t\t\t\t\t<\/div>\n\t\t\t\t<\/div>\n\t\t\t\t<\/div>\n\t\t\t\t\t<\/div>\n\t\t\t\t<\/div>\n\t\t<div class=\"elementor-element elementor-element-73a23a6 e-flex e-con-boxed e-con e-parent\" data-id=\"73a23a6\" data-element_type=\"container\" data-e-type=\"container\">\n\t\t\t\t\t<div class=\"e-con-inner\">\n\t\t<div class=\"elementor-element elementor-element-074cc53 e-con-full e-flex e-con e-child\" data-id=\"074cc53\" data-element_type=\"container\" data-e-type=\"container\">\n\t\t<div class=\"elementor-element elementor-element-fd4fab3 animated-slow e-con-full e-flex elementor-invisible e-con e-child\" data-id=\"fd4fab3\" data-element_type=\"container\" data-e-type=\"container\" data-settings=\"{&quot;background_background&quot;:&quot;gradient&quot;,&quot;animation&quot;:&quot;fadeInRight&quot;}\">\n\t\t<div class=\"elementor-element elementor-element-77f5cdf e-con-full e-flex e-con e-child\" data-id=\"77f5cdf\" data-element_type=\"container\" data-e-type=\"container\">\n\t\t\t\t<div class=\"elementor-element elementor-element-0f60690 elementor-widget elementor-widget-sectiontitle\" data-id=\"0f60690\" data-element_type=\"widget\" data-e-type=\"widget\" data-widget_type=\"sectiontitle.default\">\n\t\t\t\t<div class=\"elementor-widget-container\">\n\t\t\t\t\t\r\n\t\t\r\n\t\t\t<div class=\"section-title style1 left\">\r\n\t\t\t\t\r\n\t\t\t\t\t\t\t\t\t<h1 class=\"title\">Do you have superpowers?<\/h1>\r\n\t\t\t\t\r\n\t\t\t\t \r\n\t\t\t\t\t<p class=\"description\">Join our team! Tell us about yourself \u2013 fill out the form below, and when the perfect mission for you comes up, we\u2019ll get in touch.\n\n<\/p>\r\n\t\t\t\t\t\t\t<\/div>\r\n\r\n\t\t\r\n\t\t\t\t\t\t<\/div>\n\t\t\t\t<\/div>\n\t\t\t\t<div class=\"elementor-element elementor-element-9348f9d elementor-widget__width-initial elementor-widget elementor-widget-shortcode\" data-id=\"9348f9d\" data-element_type=\"widget\" data-e-type=\"widget\" data-widget_type=\"shortcode.default\">\n\t\t\t\t<div class=\"elementor-widget-container\">\n\t\t\t\t\t\t\t<div class=\"elementor-shortcode\">\n<div class=\"wpcf7 no-js\" id=\"wpcf7-f1320-o1\" lang=\"en-US\" dir=\"ltr\" data-wpcf7-id=\"1320\">\n<div class=\"screen-reader-response\"><p role=\"status\" aria-live=\"polite\" aria-atomic=\"true\"><\/p> <ul><\/ul><\/div>\n<form action=\"\/en\/wp-json\/wp\/v2\/pages\/3324#wpcf7-f1320-o1\" method=\"post\" class=\"wpcf7-form init\" aria-label=\"Contact form\" novalidate=\"novalidate\" data-status=\"init\" data-trp-original-action=\"\/en\/wp-json\/wp\/v2\/pages\/3324#wpcf7-f1320-o1\">\n<fieldset class=\"hidden-fields-container\"><input type=\"hidden\" name=\"_wpcf7\" value=\"1320\" \/><input type=\"hidden\" name=\"_wpcf7_version\" value=\"6.1.5\" \/><input type=\"hidden\" name=\"_wpcf7_locale\" value=\"en_US\" \/><input type=\"hidden\" name=\"_wpcf7_unit_tag\" value=\"wpcf7-f1320-o1\" \/><input type=\"hidden\" name=\"_wpcf7_container_post\" value=\"0\" \/><input type=\"hidden\" name=\"_wpcf7_posted_data_hash\" value=\"\" \/><input type=\"hidden\" name=\"_wpcf7_recaptcha_response\" value=\"\" \/>\n<\/fieldset>\n<div class=\"contact-page-form\">\n\t<div class=\"row\">\n\t\t<div class=\"col-lg-6\">\n\t\t\t<p><span class=\"wpcf7-form-control-wrap\" data-name=\"your-name\"><input size=\"40\" maxlength=\"400\" class=\"wpcf7-form-control wpcf7-text wpcf7-validates-as-required form-control\" aria-required=\"true\" aria-invalid=\"false\" placeholder=\"Your name\" value=\"\" type=\"text\" name=\"your-name\" \/><\/span>\n\t\t\t<\/p>\n\t\t<\/div>\n\t\t<div class=\"col-lg-6\">\n\t\t\t<p><span class=\"wpcf7-form-control-wrap\" data-name=\"your-email\"><input size=\"40\" maxlength=\"400\" class=\"wpcf7-form-control wpcf7-email wpcf7-validates-as-required wpcf7-text wpcf7-validates-as-email form-control\" aria-required=\"true\" aria-invalid=\"false\" placeholder=\"E-Mail\" value=\"\" type=\"email\" name=\"your-email\" \/><\/span>\n\t\t\t<\/p>\n\t\t<\/div>\n\t\t<div class=\"col-lg-12\">\n\t\t\t<p><span class=\"wpcf7-form-control-wrap\" data-name=\"your-subject\"><input size=\"40\" maxlength=\"400\" class=\"wpcf7-form-control wpcf7-text\" aria-invalid=\"false\" placeholder=\"Subject\" value=\"\" type=\"text\" name=\"your-subject\" \/><\/span>\n\t\t\t<\/p>\n\t\t<\/div>\n\t\t<div class=\"col-lg-12\">\n\t\t\t<p><span class=\"wpcf7-form-control-wrap\" data-name=\"your-message\"><textarea cols=\"40\" rows=\"5\" maxlength=\"2000\" class=\"wpcf7-form-control wpcf7-textarea wpcf7-validates-as-required form-control\" aria-required=\"true\" aria-invalid=\"false\" placeholder=\"Write a message\" name=\"your-message\"><\/textarea><\/span>\n\t\t\t<\/p>\n\t\t<\/div>\n\t\t<div class=\"col-lg-12\">\n\t\t\t<p><input class=\"wpcf7-form-control wpcf7-submit has-spinner submit-button\" type=\"submit\" value=\"Send\" \/>\n\t\t\t<\/p>\n\t\t<\/div>\n\t<\/div>\n<\/div><p style=\"display: none !important;\" class=\"akismet-fields-container\" data-prefix=\"_wpcf7_ak_\"><label>&#916;<textarea name=\"_wpcf7_ak_hp_textarea\" cols=\"45\" rows=\"8\" maxlength=\"100\"><\/textarea><\/label><input type=\"hidden\" id=\"ak_js_1\" name=\"_wpcf7_ak_js\" value=\"39\"\/><script>document.getElementById( \"ak_js_1\" ).setAttribute( \"value\", ( new Date() ).getTime() );<\/script><\/p><div class=\"wpcf7-response-output\" aria-hidden=\"true\"><\/div>\n<input type=\"hidden\" name=\"trp-form-language\" value=\"en\"\/><\/form>\n<\/div>\n<\/div>\n\t\t\t\t\t\t<\/div>\n\t\t\t\t<\/div>\n\t\t\t\t<\/div>\n\t\t\t\t<\/div>\n\t\t\t\t<\/div>\n\t\t<div class=\"elementor-element elementor-element-71e5ab6 e-con-full e-flex e-con e-child\" data-id=\"71e5ab6\" data-element_type=\"container\" data-e-type=\"container\">\n\t\t\t\t<div class=\"elementor-element elementor-element-5b95ab0 elementor-widget elementor-widget-heading\" data-id=\"5b95ab0\" data-element_type=\"widget\" data-e-type=\"widget\" data-widget_type=\"heading.default\">\n\t\t\t\t<div class=\"elementor-widget-container\">\n\t\t\t\t\t<h2 class=\"elementor-heading-title elementor-size-default\">Oferty pracy<\/h2>\t\t\t\t<\/div>\n\t\t\t\t<\/div>\n\t\t\t\t<div class=\"elementor-element elementor-element-022c06f elementor-widget elementor-widget-text-editor\" data-id=\"022c06f\" data-element_type=\"widget\" data-e-type=\"widget\" data-widget_type=\"text-editor.default\">\n\t\t\t\t<div class=\"elementor-widget-container\">\n\t\t\t\t\t\t\t\t\t<p>Brak aktualnie nowych ofert pracy<\/p>\t\t\t\t\t\t\t\t<\/div>\n\t\t\t\t<\/div>\n\t\t\t\t<\/div>\n\t\t\t\t\t<\/div>\n\t\t\t\t<\/div>\n\t\t<div class=\"elementor-element elementor-element-b3441ee e-flex e-con-boxed e-con e-child\" data-id=\"b3441ee\" data-element_type=\"container\" data-e-type=\"container\" data-settings=\"{&quot;background_background&quot;:&quot;classic&quot;}\">\n\t\t\t\t\t<div class=\"e-con-inner\">\n\t\t<div class=\"elementor-element elementor-element-f61b4a0 e-con-full e-flex e-con e-child\" data-id=\"f61b4a0\" data-element_type=\"container\" data-e-type=\"container\" data-settings=\"{&quot;background_background&quot;:&quot;classic&quot;}\">\n\t\t<div class=\"elementor-element elementor-element-4d6d161 animated-slow e-con-full e-flex elementor-invisible e-con e-child\" data-id=\"4d6d161\" data-element_type=\"container\" data-e-type=\"container\" data-settings=\"{&quot;background_background&quot;:&quot;classic&quot;,&quot;animation&quot;:&quot;fadeInUp&quot;}\">\n\t\t<div class=\"elementor-element elementor-element-d118b8d e-con-full e-flex e-con e-child\" data-id=\"d118b8d\" data-element_type=\"container\" data-e-type=\"container\">\n\t\t\t\t<div class=\"elementor-element elementor-element-b0e0dc5 elementor-widget elementor-widget-pixein-heading\" data-id=\"b0e0dc5\" data-element_type=\"widget\" data-e-type=\"widget\" data-widget_type=\"pixein-heading.default\">\n\t\t\t\t<div class=\"elementor-widget-container\">\n\t\t\t\t\t\r\n\t\t\t<div class=\"heading\">\r\n\t\t\t\t<h2 class=\"heading-text\">Contact us today and see how we can help your business!<\/h2>\r\n\t\t\t<\/div>\r\n\r\n\t\t\t\t\t\t<\/div>\n\t\t\t\t<\/div>\n\t\t\t\t<div class=\"elementor-element elementor-element-ce2c1d5 elementor-widget__width-initial elementor-widget elementor-widget-pixein-heading\" data-id=\"ce2c1d5\" data-element_type=\"widget\" data-e-type=\"widget\" data-widget_type=\"pixein-heading.default\">\n\t\t\t\t<div class=\"elementor-widget-container\">\n\t\t\t\t\t\r\n\t\t\t<div class=\"heading\">\r\n\t\t\t\t<p class=\"heading-text\">If you're looking for a reliable partner in transport and logistics, Cargoversum is the perfect choice.\nYour ambition \u2013 our mission! Ready to get started?<\/p>\r\n\t\t\t<\/div>\r\n\r\n\t\t\t\t\t\t<\/div>\n\t\t\t\t<\/div>\n\t\t\t\t<div class=\"elementor-element elementor-element-24e19cb elementor-widget elementor-widget-pixeinbutton\" data-id=\"24e19cb\" data-element_type=\"widget\" data-e-type=\"widget\" data-widget_type=\"pixeinbutton.default\">\n\t\t\t\t<div class=\"elementor-widget-container\">\n\t\t\t\t\t\r\n\t\t\t\r\n\r\n\t\t\t<div class=\"single-button style2\">\r\n\t\t\t\t<a class=\"button\" href=\"https:\/\/cargoversum.com\/en\/contact\/\">\r\n\t\t\t\t\tContact\t\t\t\t\t<i aria-hidden=\"true\" class=\"fas fa-arrow-right\"><\/i>\t\t\t\t<\/a>\r\n\t\t\t<\/div>\r\n\r\n\t\t\r\n\t\t\t\t\t<\/div>\n\t\t\t\t<\/div>\n\t\t\t\t<\/div>\n\t\t<div class=\"elementor-element elementor-element-172ecdf e-con-full e-flex e-con e-child\" data-id=\"172ecdf\" data-element_type=\"container\" data-e-type=\"container\">\n\t\t\t\t<div class=\"elementor-element elementor-element-c88de1f elementor-widget elementor-widget-image\" data-id=\"c88de1f\" data-element_type=\"widget\" data-e-type=\"widget\" data-widget_type=\"image.default\">\n\t\t\t\t<div class=\"elementor-widget-container\">\n\t\t\t\t\t\t\t\t\t\t\t\t\t\t\t<img fetchpriority=\"high\" decoding=\"async\" width=\"400\" height=\"400\" src=\"https:\/\/cargoversum.com\/wp-content\/uploads\/2025\/04\/bohater_CTA_2_1.png\" class=\"attachment-large size-large wp-image-2548\" alt=\"\" srcset=\"https:\/\/cargoversum.com\/wp-content\/uploads\/2025\/04\/bohater_CTA_2_1.png 400w, https:\/\/cargoversum.com\/wp-content\/uploads\/2025\/04\/bohater_CTA_2_1-300x300.png 300w, https:\/\/cargoversum.com\/wp-content\/uploads\/2025\/04\/bohater_CTA_2_1-150x150.png 150w, https:\/\/cargoversum.com\/wp-content\/uploads\/2025\/04\/bohater_CTA_2_1-12x12.png 12w\" sizes=\"(max-width: 400px) 100vw, 400px\" \/>\t\t\t\t\t\t\t\t\t\t\t\t\t\t\t<\/div>\n\t\t\t\t<\/div>\n\t\t\t\t<\/div>\n\t\t\t\t<\/div>\n\t\t\t\t<\/div>\n\t\t\t\t\t<\/div>\n\t\t\t\t<\/div>\n\t\t\t\t<\/div>","protected":false},"excerpt":{"rendered":"<p>CAREER W \u015bwiecie, gdzie liczy si\u0119 nie tylko kierunek, ale te\u017c droga&#8230; Powsta\u0142a przestrze\u0144 dla tych, kt\u00f3rzy chc\u0105 pracowa\u0107 z pasj\u0105, rozwija\u0107 si\u0119 i wsp\u00f3\u0142tworzy\u0107 co\u015b wi\u0119kszego. W Cargoversum nie szukamy tylko pracownik\u00f3w. Szukamy wsp\u00f3\u0142tw\u00f3rc\u00f3w nowego porz\u0105dku w logistyce. Tu stabilno\u015b\u0107 to nie pusty slogan, lecz codzienno\u015b\u0107 oparta na solidnych fundamentach \u2013 jeste\u015bmy niezawodnym partnerem [&hellip;]<\/p>\n","protected":false},"author":1,"featured_media":0,"parent":0,"menu_order":0,"comment_status":"closed","ping_status":"closed","template":"redux-templates_contained","meta":{"footnotes":""},"class_list":["post-3324","page","type-page","status-publish","hentry"],"_links":{"self":[{"href":"https:\/\/cargoversum.com\/en\/wp-json\/wp\/v2\/pages\/3324","targetHints":{"allow":["GET"]}}],"collection":[{"href":"https:\/\/cargoversum.com\/en\/wp-json\/wp\/v2\/pages"}],"about":[{"href":"https:\/\/cargoversum.com\/en\/wp-json\/wp\/v2\/types\/page"}],"author":[{"embeddable":true,"href":"https:\/\/cargoversum.com\/en\/wp-json\/wp\/v2\/users\/1"}],"replies":[{"embeddable":true,"href":"https:\/\/cargoversum.com\/en\/wp-json\/wp\/v2\/comments?post=3324"}],"version-history":[{"count":55,"href":"https:\/\/cargoversum.com\/en\/wp-json\/wp\/v2\/pages\/3324\/revisions"}],"predecessor-version":[{"id":3403,"href":"https:\/\/cargoversum.com\/en\/wp-json\/wp\/v2\/pages\/3324\/revisions\/3403"}],"wp:attachment":[{"href":"https:\/\/cargoversum.com\/en\/wp-json\/wp\/v2\/media?parent=3324"}],"curies":[{"name":"wp","href":"https:\/\/api.w.org\/{rel}","templated":true}]}}